{"id":24,"date":"2020-05-04T19:41:07","date_gmt":"2020-05-04T19:41:07","guid":{"rendered":"http:\/\/www.imapro.cz\/?page_id=24"},"modified":"2020-05-04T20:21:25","modified_gmt":"2020-05-04T20:21:25","slug":"naradi","status":"publish","type":"page","link":"https:\/\/www.imapro.cz\/?page_id=24","title":{"rendered":"N\u00c1\u0158AD\u00cd"},"content":{"rendered":"\r\n<p><strong>D\u00edlna:<\/strong><\/p>\r\n\r\n\r\n\r\n<ul class=\"wp-block-list\">\r\n<li>Kl\u00ed\u010de ploch\u00e9, o\u010dkoploch\u00e9, Imbus, Torx<\/li>\r\n<li>\u0160roubov\u00e1ky, bity<\/li>\r\n<li>Piln\u00edky, Ra\u0161ple<\/li>\r\n<li>Kladiva, pali\u010dky sekery<\/li>\r\n<\/ul>\r\n\r\n\r\n\r\n<p><strong>Stavba:<\/strong><\/p>\r\n\r\n\r\n\r\n<ul class=\"wp-block-list\">\r\n<li>Hlad\u00edtka zednick\u00e9<\/li>\r\n<li>L\u017e\u00edce zednick\u00e9, nab\u011bra\u010dky<\/li>\r\n<li>Vodov\u00e1hy a stahovac\u00ed lat\u011b<\/li>\r\n<li>Kole\u010dka stavebn\u00ed<\/li>\r\n<li>Lopaty, krump\u00e1\u010de, n\u00e1sady<\/li>\r\n<\/ul>\r\n\r\n\r\n\r\n<p><strong>Zahrada:<\/strong><\/p>\r\n<ul>\r\n<li>Hadice zahradn\u00ed<\/li>\r\n<li>Hadicov\u00e9 spojky, rozst\u0159ikova\u010de<\/li>\r\n<li>Post\u0159ikova\u010de<\/li>\r\n<li>\u010cerpadla ponorn\u00e1, samonas\u00e1vac\u00ed<\/li>\r\n<li>Hr\u00e1b\u011b, motyky, smet\u00e1ky<\/li>\r\n<\/ul>\r\n<p><strong>Elektron\u00e1\u0159ad\u00ed:<\/strong><\/p>\r\n<ul>\r\n<li>XTline<\/li>\r\n<li>PROTECO<\/li>\r\n<\/ul>\r\n","protected":false},"excerpt":{"rendered":"<p>D\u00edlna: Kl\u00ed\u010de ploch\u00e9, o\u010dkoploch\u00e9, Imbus, Torx \u0160roubov\u00e1ky, bity Piln\u00edky, Ra\u0161ple Kladiva, pali\u010dky sekery Stavba: Hlad\u00edtka zednick\u00e9 L\u017e\u00edce zednick\u00e9, nab\u011bra\u010dky Vodov\u00e1hy a stahovac\u00ed lat\u011b Kole\u010dka stavebn\u00ed Lopaty, krump\u00e1\u010de, n\u00e1sady Zahrada: Hadice zahradn\u00ed Hadicov\u00e9 spojky, rozst\u0159ikova\u010de Post\u0159ikova\u010de \u010cerpadla ponorn\u00e1, samonas\u00e1vac\u00ed Hr\u00e1b\u011b, motyky, smet\u00e1ky Elektron\u00e1\u0159ad\u00ed: XTline PROTECO<\/p>\n","protected":false},"author":1,"featured_media":0,"parent":0,"menu_order":0,"comment_status":"closed","ping_status":"closed","template":"","meta":{"footnotes":""},"class_list":["post-24","page","type-page","status-publish","hentry"],"_links":{"self":[{"href":"https:\/\/www.imapro.cz\/index.php?rest_route=\/wp\/v2\/pages\/24","targetHints":{"allow":["GET"]}}],"collection":[{"href":"https:\/\/www.imapro.cz\/index.php?rest_route=\/wp\/v2\/pages"}],"about":[{"href":"https:\/\/www.imapro.cz\/index.php?rest_route=\/wp\/v2\/types\/page"}],"author":[{"embeddable":true,"href":"https:\/\/www.imapro.cz\/index.php?rest_route=\/wp\/v2\/users\/1"}],"replies":[{"embeddable":true,"href":"https:\/\/www.imapro.cz\/index.php?rest_route=%2Fwp%2Fv2%2Fcomments&post=24"}],"version-history":[{"count":4,"href":"https:\/\/www.imapro.cz\/index.php?rest_route=\/wp\/v2\/pages\/24\/revisions"}],"predecessor-version":[{"id":63,"href":"https:\/\/www.imapro.cz\/index.php?rest_route=\/wp\/v2\/pages\/24\/revisions\/63"}],"wp:attachment":[{"href":"https:\/\/www.imapro.cz\/index.php?rest_route=%2Fwp%2Fv2%2Fmedia&parent=24"}],"curies":[{"name":"wp","href":"https:\/\/api.w.org\/{rel}","templated":true}]}}