{"id":237,"date":"2021-03-07T20:53:56","date_gmt":"2021-03-07T20:53:56","guid":{"rendered":"http:\/\/www.imapro.cz\/?page_id=237"},"modified":"2021-03-07T21:07:57","modified_gmt":"2021-03-07T21:07:57","slug":"domaci-potreby","status":"publish","type":"page","link":"https:\/\/www.imapro.cz\/?page_id=237","title":{"rendered":"DOM\u00c1C\u00cd POT\u0158EBY"},"content":{"rendered":"<strong>Dom\u00e1c\u00ed pot\u0159eby:<\/strong>\r\n\r\n<!-- \/wp:post-content --><!-- wp:list -->\r\n<ul>\r\n \t<li>Kuchy\u0148sk\u00e9 pot\u0159eby https:\/\/www.mat-online.cz\/<\/li>\r\n \t<li>V\u0161e pro gril<\/li>\r\n<\/ul>","protected":false},"excerpt":{"rendered":"<p>Dom\u00e1c\u00ed pot\u0159eby: Kuchy\u0148sk\u00e9 pot\u0159eby https:\/\/www.mat-online.cz\/ V\u0161e pro gril<\/p>\n","protected":false},"author":1,"featured_media":0,"parent":0,"menu_order":0,"comment_status":"closed","ping_status":"closed","template":"","meta":{"footnotes":""},"class_list":["post-237","page","type-page","status-publish","hentry"],"_links":{"self":[{"href":"https:\/\/www.imapro.cz\/index.php?rest_route=\/wp\/v2\/pages\/237","targetHints":{"allow":["GET"]}}],"collection":[{"href":"https:\/\/www.imapro.cz\/index.php?rest_route=\/wp\/v2\/pages"}],"about":[{"href":"https:\/\/www.imapro.cz\/index.php?rest_route=\/wp\/v2\/types\/page"}],"author":[{"embeddable":true,"href":"https:\/\/www.imapro.cz\/index.php?rest_route=\/wp\/v2\/users\/1"}],"replies":[{"embeddable":true,"href":"https:\/\/www.imapro.cz\/index.php?rest_route=%2Fwp%2Fv2%2Fcomments&post=237"}],"version-history":[{"count":2,"href":"https:\/\/www.imapro.cz\/index.php?rest_route=\/wp\/v2\/pages\/237\/revisions"}],"predecessor-version":[{"id":243,"href":"https:\/\/www.imapro.cz\/index.php?rest_route=\/wp\/v2\/pages\/237\/revisions\/243"}],"wp:attachment":[{"href":"https:\/\/www.imapro.cz\/index.php?rest_route=%2Fwp%2Fv2%2Fmedia&parent=237"}],"curies":[{"name":"wp","href":"https:\/\/api.w.org\/{rel}","templated":true}]}}